{"id":2985,"date":"2025-08-31T14:19:07","date_gmt":"2025-08-31T21:19:07","guid":{"rendered":"https:\/\/solartechmo.com.mx\/wp\/?post_type=product&#038;p=2985"},"modified":"2025-10-06T14:24:44","modified_gmt":"2025-10-06T21:24:44","slug":"nversor-cargador-must-3-kw-48vcd-120vca-con-controlador-mppt","status":"publish","type":"product","link":"https:\/\/solartechmo.com.mx\/wp\/product\/nversor-cargador-must-3-kw-48vcd-120vca-con-controlador-mppt\/","title":{"rendered":"Inversor  Cargador MUST 3000 Watts  48Vcd 120Vca con Controlador MPPT"},"content":{"rendered":"<div class=\"col-12 text-center\">\n<h6 class=\"text-secondary\">Esta serie de inversores solares de fase dividida PV3300 TLV, es aplicable a las demandas del mercado de 110VAC\/120VAC, con salida de CA de una sola fase de 110VAC\/120V y fase dividida de 220V\/240V. En la pantalla LCD, puedes configurar el voltaje de salida, la frecuencia, el voltaje de carga y la corriente de carga para dise\u00f1ar el mejor uso seg\u00fan las diferentes aplicaciones de carga; adem\u00e1s, cuenta con un controlador de carga solar MPPT de 80A integrado, lo que te permite aprovechar la luz solar libremente y ahorrar en las facturas de electricidad.<\/h6>\n<p>&nbsp;<\/p>\n<h1 class=\"text-primary\">Especificaciones<\/h1>\n<\/div>\n<div class=\"col-12 col-md-4 mb-3\">\n<ul class=\"bg-light border-5 border-bottom border-danger list-group list-group-flush rounded-2 shadow\">\n<li class=\"list-group-item text-bg-light bg-light fw-bolder\"><strong>Caracter\u00edsticas Principales:<\/strong><\/li>\n<li class=\"list-group-item py-1\"><strong>Potencia Nominal:<\/strong>\u00a03000 W<\/li>\n<li class=\"list-group-item py-1\"><strong>Voltaje Nominal en Arrelgo de Bater\u00edas:<\/strong>\u00a048 Vcd<\/li>\n<li class=\"list-group-item py-1\"><strong>M\u00e1xima Potencia Solar:<\/strong>\u00a05000W<\/li>\n<li class=\"list-group-item py-1\"><strong>M\u00e1xima Entrada en CA:<\/strong>\u00a0270 Vca<\/li>\n<li class=\"list-group-item py-1\"><strong>Rango de Frecuencia:<\/strong>\u00a050\/60 Hz<\/li>\n<\/ul>\n<\/div>\n<div class=\"col-12 col-md-4 mb-3\">\n<ul class=\"bg-light border-5 border-bottom border-danger list-group list-group-flush rounded-2 shadow\">\n<li class=\"list-group-item text-bg-light bg-light fw-bolder\"><strong>Caracter\u00edsticas F\u00edsicas y El\u00e9ctricas:<\/strong><\/li>\n<li class=\"list-group-item py-1\"><strong>Dimensiones:<\/strong>\u00a0443 x 359.2 x 188 mm<\/li>\n<li class=\"list-group-item py-1\"><strong>Peso:\u00a0<\/strong>10\u00a0kg<\/li>\n<li class=\"list-group-item py-1\"><strong>Rango de Temperatura de Almacenamiento:<\/strong>\u00a0-15\u00b0C\u00a0~ 60\u00b0C<\/li>\n<li class=\"list-group-item py-1\"><strong>Rango de Voltaje MPPT por Cadena:<\/strong>\u00a060 &#8211; 230 Vcd<\/li>\n<li class=\"list-group-item py-1\"><strong>Corriente M\u00e1xima de Carga:<\/strong>\u00a080A<\/li>\n<\/ul>\n<\/div>\n<div class=\"col-12 col-md-4 mb-3\">\n<ul class=\"bg-light border-5 border-bottom border-danger list-group list-group-flush rounded-2 shadow\">\n<li class=\"list-group-item text-bg-light bg-light\"><strong>Caracter\u00edsticas Destacadas:<\/strong><\/li>\n<li class=\"list-group-item py-1\">&#8211; Onda Senoidal Pura<\/li>\n<li class=\"list-group-item py-1\">&#8211; Factor de Potencia de 1<\/li>\n<li class=\"list-group-item py-1\">&#8211; Compatible con bater\u00edas de\u00a0<strong>Litio<\/strong>,\u00a0<strong>Gel<\/strong>\u00a0y\u00a0<strong>Plomo-Acido<\/strong>.<\/li>\n<li class=\"list-group-item py-1\">&#8211; Cuenta con puertos CAN\/RS485 para comunicaci\u00f3n BMS<\/li>\n<li class=\"list-group-item py-1\">&#8211; Soporta la conexi\u00f3n en paralelo de hasta 3 unidades<\/li>\n<li class=\"list-group-item py-1\">&#8211; Es compatible con generador<\/li>\n<\/ul>\n<p>ficha tecnica <a href=\"https:\/\/solartechmo.com.mx\/wp\/wp-content\/uploads\/2025\/08\/PV3300-Datasheet.pdf\">PV3300 Datasheet<\/a><\/p>\n<\/div>\n","protected":false},"excerpt":{"rendered":"<p>&nbsp;<\/p>\n<ul class=\"ps-3\">\n<li>Potencia nominal de 3000 W para alta eficiencia<\/li>\n<li>Voltaje configurable a 110\/120V o 220\/240V<\/li>\n<li>Inversor con controlador MPPT de 80A integrado<\/li>\n<li>Dimensiones compactas: 443 x 359.2 x 188 mm<\/li>\n<li>Soporte para bater\u00eda de 48 VCD<\/li>\n<\/ul>\n","protected":false},"featured_media":2986,"template":"","meta":{"_uag_custom_page_level_css":"","site-sidebar-layout":"default","site-content-layout":"","ast-site-content-layout":"default","site-content-style":"default","site-sidebar-style":"default","ast-global-header-display":"","ast-banner-title-visibility":"","ast-main-header-display":"","ast-hfb-above-header-display":"","ast-hfb-below-header-display":"","ast-hfb-mobile-header-display":"","site-post-title":"","ast-breadcrumbs-content":"","ast-featured-img":"","footer-sml-layout":"","theme-transparent-header-meta":"default","adv-header-id-meta":"","stick-header-meta":"","header-above-stick-meta":"","header-main-stick-meta":"","header-below-stick-meta":"","astra-migrate-meta-layouts":"set","ast-page-background-enabled":"default","ast-page-background-meta":{"desktop":{"background-color":"var(--ast-global-color-4)","background-image":"","background-repeat":"repeat","background-position":"center center","background-size":"auto","background-attachment":"scroll","background-type":"","background-media":"","overlay-type":"","overlay-color":"","overlay-opacity":"","overlay-gradient":""},"tablet":{"background-color":"","background-image":"","background-repeat":"repeat","background-position":"center center","background-size":"auto","background-attachment":"scroll","background-type":"","background-media":"","overlay-type":"","overlay-color":"","overlay-opacity":"","overlay-gradient":""},"mobile":{"background-color":"","background-image":"","background-repeat":"repeat","background-position":"center center","background-size":"auto","background-attachment":"scroll","background-type":"","background-media":"","overlay-type":"","overlay-color":"","overlay-opacity":"","overlay-gradient":""}},"ast-content-background-meta":{"desktop":{"background-color":"var(--ast-global-color-5)","background-image":"","background-repeat":"repeat","background-position":"center center","background-size":"auto","background-attachment":"scroll","background-type":"","background-media":"","overlay-type":"","overlay-color":"","overlay-opacity":"","overlay-gradient":""},"tablet":{"background-color":"var(--ast-global-color-5)","background-image":"","background-repeat":"repeat","background-position":"center center","background-size":"auto","background-attachment":"scroll","background-type":"","background-media":"","overlay-type":"","overlay-color":"","overlay-opacity":"","overlay-gradient":""},"mobile":{"background-color":"var(--ast-global-color-5)","background-image":"","background-repeat":"repeat","background-position":"center center","background-size":"auto","background-attachment":"scroll","background-type":"","background-media":"","overlay-type":"","overlay-color":"","overlay-opacity":"","overlay-gradient":""}}},"product_brand":[],"product_cat":[28],"product_tag":[],"class_list":{"0":"post-2985","1":"product","2":"type-product","3":"status-publish","4":"has-post-thumbnail","6":"product_cat-inversores-aislados","7":"desktop-align-center","8":"tablet-align-left","9":"mobile-align-left","11":"first","12":"instock","13":"taxable","14":"shipping-taxable","15":"purchasable","16":"product-type-simple"},"uagb_featured_image_src":{"full":["https:\/\/solartechmo.com.mx\/wp\/wp-content\/uploads\/2025\/08\/PV333048TLV-l1.png",1000,1000,false],"thumbnail":["https:\/\/solartechmo.com.mx\/wp\/wp-content\/uploads\/2025\/08\/PV333048TLV-l1-150x150.png",150,150,true],"medium":["https:\/\/solartechmo.com.mx\/wp\/wp-content\/uploads\/2025\/08\/PV333048TLV-l1-300x300.png",300,300,true],"medium_large":["https:\/\/solartechmo.com.mx\/wp\/wp-content\/uploads\/2025\/08\/PV333048TLV-l1-768x768.png",768,768,true],"large":["https:\/\/solartechmo.com.mx\/wp\/wp-content\/uploads\/2025\/08\/PV333048TLV-l1.png",1000,1000,false],"1536x1536":["https:\/\/solartechmo.com.mx\/wp\/wp-content\/uploads\/2025\/08\/PV333048TLV-l1.png",1000,1000,false],"2048x2048":["https:\/\/solartechmo.com.mx\/wp\/wp-content\/uploads\/2025\/08\/PV333048TLV-l1.png",1000,1000,false],"woocommerce_thumbnail":["https:\/\/solartechmo.com.mx\/wp\/wp-content\/uploads\/2025\/08\/PV333048TLV-l1-150x150.png",150,150,true],"woocommerce_single":["https:\/\/solartechmo.com.mx\/wp\/wp-content\/uploads\/2025\/08\/PV333048TLV-l1-600x600.png",600,600,true],"woocommerce_gallery_thumbnail":["https:\/\/solartechmo.com.mx\/wp\/wp-content\/uploads\/2025\/08\/PV333048TLV-l1-100x100.png",100,100,true]},"uagb_author_info":{"display_name":"admin","author_link":"https:\/\/solartechmo.com.mx\/wp\/author\/"},"uagb_comment_info":0,"uagb_excerpt":"&nbsp; Potencia nominal de 3000 W para alta eficiencia Voltaje configurable a 110\/120V o 220\/240V Inversor con controlador MPPT de 80A integrado Dimensiones compactas: 443 x 359.2 x 188 mm Soporte para bater\u00eda de 48 VCD","_links":{"self":[{"href":"https:\/\/solartechmo.com.mx\/wp\/wp-json\/wp\/v2\/product\/2985","targetHints":{"allow":["GET"]}}],"collection":[{"href":"https:\/\/solartechmo.com.mx\/wp\/wp-json\/wp\/v2\/product"}],"about":[{"href":"https:\/\/solartechmo.com.mx\/wp\/wp-json\/wp\/v2\/types\/product"}],"version-history":[{"count":4,"href":"https:\/\/solartechmo.com.mx\/wp\/wp-json\/wp\/v2\/product\/2985\/revisions"}],"predecessor-version":[{"id":3001,"href":"https:\/\/solartechmo.com.mx\/wp\/wp-json\/wp\/v2\/product\/2985\/revisions\/3001"}],"wp:featuredmedia":[{"embeddable":true,"href":"https:\/\/solartechmo.com.mx\/wp\/wp-json\/wp\/v2\/media\/2986"}],"wp:attachment":[{"href":"https:\/\/solartechmo.com.mx\/wp\/wp-json\/wp\/v2\/media?parent=2985"}],"wp:term":[{"taxonomy":"product_brand","embeddable":true,"href":"https:\/\/solartechmo.com.mx\/wp\/wp-json\/wp\/v2\/product_brand?post=2985"},{"taxonomy":"product_cat","embeddable":true,"href":"https:\/\/solartechmo.com.mx\/wp\/wp-json\/wp\/v2\/product_cat?post=2985"},{"taxonomy":"product_tag","embeddable":true,"href":"https:\/\/solartechmo.com.mx\/wp\/wp-json\/wp\/v2\/product_tag?post=2985"}],"curies":[{"name":"wp","href":"https:\/\/api.w.org\/{rel}","templated":true}]}}