{"id":2417,"date":"2024-10-04T22:18:49","date_gmt":"2024-10-05T05:18:49","guid":{"rendered":"https:\/\/solartechmo.com.mx\/wp\/?post_type=product&#038;p=2417"},"modified":"2024-10-19T08:14:52","modified_gmt":"2024-10-19T15:14:52","slug":"generador-estacion-de-energia-portatil-1200w-1024wh-ugreen","status":"publish","type":"product","link":"https:\/\/solartechmo.com.mx\/wp\/product\/generador-estacion-de-energia-portatil-1200w-1024wh-ugreen\/","title":{"rendered":"Generador Estaci\u00f3n de Energ\u00eda Port\u00e1til 1200W (1024Wh) UGreen"},"content":{"rendered":"<p><img decoding=\"async\" class=\"img-fluid lazyload\" data-src=\"https:\/\/ftp3.syscom.mx\/usuarios\/hallende\/UGREEN2\/Cargadores\/15053\/15053-1.jpg\" alt=\"\" width=\"100%\" height=\"auto\" src=\"data:image\/gif;base64,R0lGODlhAQABAAAAACH5BAEKAAEALAAAAAABAAEAAAICTAEAOw==\" \/><\/p>\n<div class=\"row\">\n<div class=\"container top-carousel\">\n<div id=\"carousel-index\" class=\"carousel slide\" data-ride=\"carousel\">\n<div class=\"carousel-inner carousel_home\" role=\"listbox\">\n<div class=\"item active\">\n<div class=\"row\">\n<div class=\"col-xs-12\">\n<h1 class=\"text-center\"><strong>Caracter\u00edsticas Principales<\/strong><\/h1>\n<p>&nbsp;<\/p>\n<\/div>\n<div class=\"col-xs-12 col-sm-7\"><img decoding=\"async\" class=\"banner_principal_home img-fluid lazyload\" data-src=\"https:\/\/ftp3.syscom.mx\/usuarios\/hallende\/UGREEN2\/Cargadores\/15053\/15053-2.jpg\" src=\"data:image\/gif;base64,R0lGODlhAQABAAAAACH5BAEKAAEALAAAAAABAAEAAAICTAEAOw==\" \/><\/div>\n<div class=\"col-xs-12 col-sm-5 text-center\">\n<p>&nbsp;<\/p>\n<h3><strong>Carga r\u00e1pida inigualable:<\/strong><\/h3>\n<p>Con tecnolog\u00eda PowerZip Premium, carga de 0 a 80% en solo 50 minutos y carga completamente en 1.5 horas con entrada de CA. Adem\u00e1s, puedes cargar la estaci\u00f3n de energ\u00eda port\u00e1til PowerRoam 1200 en aproximadamente 3-4 horas con energ\u00eda solar.<\/p>\n<\/div>\n<\/div>\n<\/div>\n<div class=\"item\">\n<div class=\"row\">\n<div class=\"col-xs-12\">\n<h1 class=\"text-center\"><strong>Caracter\u00edsticas Principales<\/strong><\/h1>\n<\/div>\n<div class=\"col-xs-12 col-sm-7\"><img decoding=\"async\" class=\"banner_principal_home img-fluid lazyload\" data-src=\"https:\/\/ftp3.syscom.mx\/usuarios\/hallende\/UGREEN2\/Cargadores\/15053\/15053-3.jpg\" src=\"data:image\/gif;base64,R0lGODlhAQABAAAAACH5BAEKAAEALAAAAAABAAEAAAICTAEAOw==\" \/><\/div>\n<div class=\"col-xs-12 col-sm-5 text-center\">\n<p>&nbsp;<\/p>\n<h3><strong>10 a\u00f1os de vida \u00fatil de la bater\u00eda<\/strong><\/h3>\n<p>Con la cooperaci\u00f3n de BYD, nuestras avanzadas bater\u00edas LiFePO4 con clasificaci\u00f3n EVA proporcionan una vida \u00fatil 6 veces m\u00e1s larga en comparaci\u00f3n con las estaciones el\u00e9ctricas tradicionales de bater\u00eda de iones de litio. La estaci\u00f3n de energ\u00eda PowerRoam 1200 LiFePO4 est\u00e1 dise\u00f1ada para un uso constante y a largo plazo, por lo que est\u00e1s mejor preparado para eventos imprevistos, garantizando hasta 10 a\u00f1os de vida \u00fatil.<\/p>\n<\/div>\n<\/div>\n<\/div>\n<div class=\"item\">\n<div class=\"row\">\n<div class=\"col-xs-12\">\n<h1 class=\"text-center\"><strong>Caracter\u00edsticas Principales<\/strong><\/h1>\n<\/div>\n<div class=\"col-xs-12 col-sm-7\"><img decoding=\"async\" class=\"banner_principal_home img-fluid lazyload\" data-src=\"https:\/\/ftp3.syscom.mx\/usuarios\/hallende\/UGREEN2\/Cargadores\/15053\/15053-4.jpg\" src=\"data:image\/gif;base64,R0lGODlhAQABAAAAACH5BAEKAAEALAAAAAABAAEAAAICTAEAOw==\" \/><\/div>\n<div class=\"col-xs-12 col-sm-5 text-center\">\n<h3><strong>Tecnolog\u00eda U-Turbo<\/strong><\/h3>\n<p>La tecnolog\u00eda patentada U-Turbo alimenta el generador solar PowerRoam 1200 que permite el soporte para aparatos de alta potencia de hasta 2500 W. Potencia la mayor\u00eda de tus aparatos esenciales sin preocupaciones.<\/p>\n<p><strong style=\"font-size: 2em;\">Caracter\u00edsticas Principales<\/strong><\/p>\n<\/div>\n<\/div>\n<\/div>\n<div class=\"item\">\n<div class=\"row\">\n<div class=\"col-xs-12 col-sm-7\"><img decoding=\"async\" class=\"banner_principal_home img-fluid lazyload\" data-src=\"https:\/\/ftp3.syscom.mx\/usuarios\/hallende\/UGREEN2\/Cargadores\/15053\/15053-5.jpg\" src=\"data:image\/gif;base64,R0lGODlhAQABAAAAACH5BAEKAAEALAAAAAABAAEAAAICTAEAOw==\" \/><\/div>\n<div class=\"col-xs-12 col-sm-5 text-center\">\n<p>&nbsp;<\/p>\n<h3><strong>3 Opciones de carga<\/strong><\/h3>\n<p>Se puede realizar la carga del equipo mediante 3 formas, conel panel solar de 100W o 200w (los paneles solares se venden por separado)puede recargar r\u00e1pidamente el generador solar completamente cargado en 3 a 4horas a plena luz solar mientras viajas o acampas.\u00a0 La recarga de energ\u00eda port\u00e1til en una toma depared de CA alrededor de 50 minutos de 0-80%. El generador de energ\u00eda port\u00e1til tambi\u00e9nse puede cargar desde el enchufe del coche de 12V\/24V.<\/p>\n<\/div>\n<\/div>\n<\/div>\n<div class=\"item\">\n<div class=\"row\">\n<div class=\"col-xs-12\">\n<h1 class=\"text-center\"><strong>Caracter\u00edsticas Principales<\/strong><\/h1>\n<\/div>\n<div class=\"col-xs-12 col-sm-7\"><img decoding=\"async\" class=\"banner_principal_home img-fluid lazyload\" data-src=\"https:\/\/ftp3.syscom.mx\/usuarios\/hallende\/UGREEN2\/Cargadores\/15053\/15053-6.jpg\" src=\"data:image\/gif;base64,R0lGODlhAQABAAAAACH5BAEKAAEALAAAAAABAAEAAAICTAEAOw==\" \/><\/div>\n<div class=\"col-xs-12 col-sm-5 text-center\">\n<p>&nbsp;<\/p>\n<h3><strong>13 Puertos para cualquier necesidad<\/strong><\/h3>\n<p>6 puertos de CA con una potencia total de hasta 1200 W, 2 puertos USB-C de 100 W, 2 puertos USB-A, 1 salida de coche y 2 puertos DC 5521. Con un peso ligero de solo 12 kg, puedes llevarlo a cualquier lugar que desees sin demasiado esfuerzo.<\/p>\n<\/div>\n<\/div>\n<\/div>\n<div class=\"item\">\n<div class=\"row\">\n<div class=\"col-xs-12\">\n<h1 class=\"text-center\"><strong>Caracter\u00edsticas Principales<\/strong><\/h1>\n<p>&nbsp;<\/p>\n<\/div>\n<div class=\"col-xs-12 col-sm-7\"><img decoding=\"async\" class=\"banner_principal_home img-fluid lazyload\" data-src=\"https:\/\/ftp3.syscom.mx\/usuarios\/hallende\/UGREEN2\/Cargadores\/15053\/15053-7.jpg\" src=\"data:image\/gif;base64,R0lGODlhAQABAAAAACH5BAEKAAEALAAAAAABAAEAAAICTAEAOw==\" \/><\/div>\n<div class=\"col-xs-12 col-sm-5 text-center\">\n<p>&nbsp;<\/p>\n<h3><strong>Control completo en tus manos:<\/strong><\/h3>\n<p>Descarga la aplicaci\u00f3n UGREEN para controlar tu PowerRoam 1200 en cualquier lugar Funciones de acceso como modo silencioso, modo de ahorro de energ\u00eda, bloqueo de seguridad infantil y m\u00e1s, desde la palma de tu mano.<\/p>\n<\/div>\n<\/div>\n<\/div>\n<div class=\"item\">\n<div class=\"row\">\n<div class=\"col-xs-12\">\n<h1 class=\"text-center\"><strong>Caracter\u00edsticas Principales<\/strong><\/h1>\n<\/div>\n<div class=\"col-xs-12 col-sm-7\"><img decoding=\"async\" class=\"banner_principal_home img-fluid lazyload\" data-src=\"https:\/\/ftp3.syscom.mx\/usuarios\/hallende\/UGREEN2\/Cargadores\/15053\/15053-8.jpg\" src=\"data:image\/gif;base64,R0lGODlhAQABAAAAACH5BAEKAAEALAAAAAABAAEAAAICTAEAOw==\" \/><\/div>\n<div class=\"col-xs-12 col-sm-5 text-center\">\n<p>&nbsp;<\/p>\n<h3><strong>Salida de CA de 1200 W, U-Turbo admite dispositivos de 2500 W:<\/strong><\/h3>\n<p>Obtenga energ\u00eda port\u00e1til para dispositivos de alta potencia,use herramientas de mantenimiento y electrodom\u00e9sticos de cocina port\u00e1tiles comoteteras y cafeteras cuando est\u00e9 desenchufado o fuera de la red. Los puertosUSB-C 100W y USB-A cargan dispositivos m\u00f3viles, computadoras, drones y otrosaccesorios electr\u00f3nicos.<\/p>\n<\/div>\n<\/div>\n<\/div>\n<div class=\"item\">\n<div class=\"row\">\n<div class=\"col-xs-12\">\n<h1 class=\"text-center\"><strong>Caracter\u00edsticas Principales<\/strong><\/h1>\n<\/div>\n<div class=\"col-xs-12 col-sm-7\"><img decoding=\"async\" class=\"banner_principal_home img-fluid lazyload\" data-src=\"https:\/\/ftp3.syscom.mx\/usuarios\/hallende\/UGREEN2\/Cargadores\/15053\/15053-9.jpg\" src=\"data:image\/gif;base64,R0lGODlhAQABAAAAACH5BAEKAAEALAAAAAABAAEAAAICTAEAOw==\" \/><\/div>\n<div class=\"col-xs-12 col-sm-5 text-center\">\n<p>&nbsp;<\/p>\n<h3><strong>Tecnolog\u00eda de bater\u00eda confiable:<\/strong><\/h3>\n<p>En cooperaci\u00f3n con BYD, el fabricante de bater\u00edas y grupo de autom\u00f3viles de fama mundial, la tecnolog\u00eda de UGREEN PowerRoam en la bater\u00eda LFP y el proceso de producci\u00f3n est\u00e1n garantizados a un alto nivel. Adem\u00e1s, las bater\u00edas de grado EV son muy seguras, duraderas y ecol\u00f3gicas. Adem\u00e1s su dise\u00f1o es a prueba de ca\u00eddas, cuenta con bloqueo de seguridad para ni\u00f1os y mucho m\u00e1s.<\/p>\n<\/div>\n<\/div>\n<\/div>\n<\/div>\n<\/div>\n<\/div>\n<\/div>\n<h1 class=\"text-center\"><strong>Aplicaciones<\/strong><\/h1>\n<p>&nbsp;<\/p>\n<p><img decoding=\"async\" class=\"img-fluid lazyload\" data-src=\"https:\/\/ftp3.syscom.mx\/usuarios\/hallende\/UGREEN2\/Cargadores\/15053\/15053-20.jpg\" alt=\"\" width=\"100%\" height=\"auto\" src=\"data:image\/gif;base64,R0lGODlhAQABAAAAACH5BAEKAAEALAAAAAABAAEAAAICTAEAOw==\" \/><\/p>\n<p>&nbsp;<\/p>\n<p><img decoding=\"async\" class=\"img-fluid lazyload\" data-src=\"https:\/\/ftp3.syscom.mx\/usuarios\/hallende\/UGREEN2\/Cargadores\/15053\/15053-15.jpg\" alt=\"\" width=\"100%\" height=\"auto\" src=\"data:image\/gif;base64,R0lGODlhAQABAAAAACH5BAEKAAEALAAAAAABAAEAAAICTAEAOw==\" \/><\/p>\n<p>&nbsp;<\/p>\n<p><img decoding=\"async\" class=\"img-fluid lazyload\" data-src=\"https:\/\/ftp3.syscom.mx\/usuarios\/hallende\/UGREEN2\/Cargadores\/15053\/15053-21.jpg\" alt=\"\" width=\"100%\" height=\"auto\" src=\"data:image\/gif;base64,R0lGODlhAQABAAAAACH5BAEKAAEALAAAAAABAAEAAAICTAEAOw==\" \/><\/p>\n<p>&nbsp;<\/p>\n<h1>Especificaciones:<\/h1>\n<ul>\n<li>Bloqueo de seguridad para ni\u00f1os<\/li>\n<li>App Android \/ iOS.<\/li>\n<li>3000+ Ciclos de uso<\/li>\n<li>Vida util de 10 A\u00f1os<\/li>\n<li><strong>5 A\u00f1os de Garant\u00eda por defectos de fabricaci\u00f3n<\/strong><\/li>\n<\/ul>\n","protected":false},"excerpt":{"rendered":"<h3 id=\"product_title_216401\" class=\"titulo_vp\">Estaci\u00f3n de Energ\u00eda Port\u00e1til 600W (680Wh) \/ 5 AC 600 W \/ 2 USB-C 100W \/ 2 USB-A 22.5 W \/ 1 Toma de Encendedor \/ 2 Salidas CC5521 \/ Compatibilidad: BMS\/UPS\/WIFI\/Bluetooth\/APP \/ 10 A\u00f1os de Vida \u00datil.<\/h3>\n<p class=\"fw-bold m-0 text-azulmarino\">Caracter\u00edsticas Principales<\/p>\n<ul class=\"ps-3\">\n<li>Bater\u00eda LiFePO4 desarrollada en cooperaci\u00f3n con BYD (El mayor fabricante de autos el\u00e9ctricos).<\/li>\n<li>Tecnolog\u00eda Powerzip: Carga de 0 a 80% en solo 50 minutos y carga completamente en 1.5 horas con conexi\u00f3n AC.<\/li>\n<li>Carga solar 400 W M\u00e1x. Completamente cargado en aproximadamente 4 horas.<\/li>\n<li>Carga de coche 12 V\/24 V = 8 A m\u00e1x. Carga completa en 3.5 horas.<\/li>\n<li>La tecnolog\u00eda U-Turbo permite que soporte aparatos de alta potencia de hasta 2500 W como son electrodom\u00e9sticos y herramientas el\u00e9ctricas de alto consumo.<\/li>\n<li>Ampliamente recomendado para cargar Drones y equipos de video<\/li>\n<li>Fivha Tecnica <a href=\"https:\/\/solartechmo.com.mx\/wp\/wp-content\/uploads\/2024\/06\/Hoja-de-Datos-90997.pdf\">Hoja de Datos-90997<\/a><\/li>\n<\/ul>\n<p>&nbsp;<\/p>\n","protected":false},"featured_media":2302,"template":"","meta":{"_uag_custom_page_level_css":"","site-sidebar-layout":"default","site-content-layout":"","ast-site-content-layout":"default","site-content-style":"default","site-sidebar-style":"default","ast-global-header-display":"","ast-banner-title-visibility":"","ast-main-header-display":"","ast-hfb-above-header-display":"","ast-hfb-below-header-display":"","ast-hfb-mobile-header-display":"","site-post-title":"","ast-breadcrumbs-content":"","ast-featured-img":"","footer-sml-layout":"","theme-transparent-header-meta":"default","adv-header-id-meta":"","stick-header-meta":"","header-above-stick-meta":"","header-main-stick-meta":"","header-below-stick-meta":"","astra-migrate-meta-layouts":"set","ast-page-background-enabled":"default","ast-page-background-meta":{"desktop":{"background-color":"var(--ast-global-color-4)","background-image":"","background-repeat":"repeat","background-position":"center center","background-size":"auto","background-attachment":"scroll","background-type":"","background-media":"","overlay-type":"","overlay-color":"","overlay-opacity":"","overlay-gradient":""},"tablet":{"background-color":"","background-image":"","background-repeat":"repeat","background-position":"center center","background-size":"auto","background-attachment":"scroll","background-type":"","background-media":"","overlay-type":"","overlay-color":"","overlay-opacity":"","overlay-gradient":""},"mobile":{"background-color":"","background-image":"","background-repeat":"repeat","background-position":"center center","background-size":"auto","background-attachment":"scroll","background-type":"","background-media":"","overlay-type":"","overlay-color":"","overlay-opacity":"","overlay-gradient":""}},"ast-content-background-meta":{"desktop":{"background-color":"var(--ast-global-color-5)","background-image":"","background-repeat":"repeat","background-position":"center center","background-size":"auto","background-attachment":"scroll","background-type":"","background-media":"","overlay-type":"","overlay-color":"","overlay-opacity":"","overlay-gradient":""},"tablet":{"background-color":"var(--ast-global-color-5)","background-image":"","background-repeat":"repeat","background-position":"center center","background-size":"auto","background-attachment":"scroll","background-type":"","background-media":"","overlay-type":"","overlay-color":"","overlay-opacity":"","overlay-gradient":""},"mobile":{"background-color":"var(--ast-global-color-5)","background-image":"","background-repeat":"repeat","background-position":"center center","background-size":"auto","background-attachment":"scroll","background-type":"","background-media":"","overlay-type":"","overlay-color":"","overlay-opacity":"","overlay-gradient":""}}},"product_brand":[],"product_cat":[36,28,30,37],"product_tag":[],"class_list":{"0":"post-2417","1":"product","2":"type-product","3":"status-publish","4":"has-post-thumbnail","6":"product_cat-generadores-electricos","7":"product_cat-inversores-aislados","8":"product_cat-inversores-interconectados","9":"product_cat-kits-solares-aislados","10":"desktop-align-center","11":"tablet-align-left","12":"mobile-align-left","14":"first","15":"instock","16":"featured","17":"taxable","18":"shipping-taxable","19":"purchasable","20":"product-type-simple"},"uagb_featured_image_src":{"full":["https:\/\/solartechmo.com.mx\/wp\/wp-content\/uploads\/2024\/06\/90997-l1.png",1000,1000,false],"thumbnail":["https:\/\/solartechmo.com.mx\/wp\/wp-content\/uploads\/2024\/06\/90997-l1-150x150.png",150,150,true],"medium":["https:\/\/solartechmo.com.mx\/wp\/wp-content\/uploads\/2024\/06\/90997-l1-300x300.png",300,300,true],"medium_large":["https:\/\/solartechmo.com.mx\/wp\/wp-content\/uploads\/2024\/06\/90997-l1-768x768.png",768,768,true],"large":["https:\/\/solartechmo.com.mx\/wp\/wp-content\/uploads\/2024\/06\/90997-l1.png",1000,1000,false],"1536x1536":["https:\/\/solartechmo.com.mx\/wp\/wp-content\/uploads\/2024\/06\/90997-l1.png",1000,1000,false],"2048x2048":["https:\/\/solartechmo.com.mx\/wp\/wp-content\/uploads\/2024\/06\/90997-l1.png",1000,1000,false],"woocommerce_thumbnail":["https:\/\/solartechmo.com.mx\/wp\/wp-content\/uploads\/2024\/06\/90997-l1-150x150.png",150,150,true],"woocommerce_single":["https:\/\/solartechmo.com.mx\/wp\/wp-content\/uploads\/2024\/06\/90997-l1-600x600.png",600,600,true],"woocommerce_gallery_thumbnail":["https:\/\/solartechmo.com.mx\/wp\/wp-content\/uploads\/2024\/06\/90997-l1-100x100.png",100,100,true]},"uagb_author_info":{"display_name":"admin","author_link":"https:\/\/solartechmo.com.mx\/wp\/author\/"},"uagb_comment_info":0,"uagb_excerpt":"Estaci\u00f3n de Energ\u00eda Port\u00e1til 600W (680Wh) \/ 5 AC 600 W \/ 2 USB-C 100W \/ 2 USB-A 22.5 W \/ 1 Toma de Encendedor \/ 2 Salidas CC5521 \/ Compatibilidad: BMS\/UPS\/WIFI\/Bluetooth\/APP \/ 10 A\u00f1os de Vida \u00datil. Caracter\u00edsticas Principales Bater\u00eda LiFePO4 desarrollada en cooperaci\u00f3n con BYD (El mayor fabricante de autos el\u00e9ctricos). Tecnolog\u00eda Powerzip:&hellip;","_links":{"self":[{"href":"https:\/\/solartechmo.com.mx\/wp\/wp-json\/wp\/v2\/product\/2417","targetHints":{"allow":["GET"]}}],"collection":[{"href":"https:\/\/solartechmo.com.mx\/wp\/wp-json\/wp\/v2\/product"}],"about":[{"href":"https:\/\/solartechmo.com.mx\/wp\/wp-json\/wp\/v2\/types\/product"}],"version-history":[{"count":0,"href":"https:\/\/solartechmo.com.mx\/wp\/wp-json\/wp\/v2\/product\/2417\/revisions"}],"wp:featuredmedia":[{"embeddable":true,"href":"https:\/\/solartechmo.com.mx\/wp\/wp-json\/wp\/v2\/media\/2302"}],"wp:attachment":[{"href":"https:\/\/solartechmo.com.mx\/wp\/wp-json\/wp\/v2\/media?parent=2417"}],"wp:term":[{"taxonomy":"product_brand","embeddable":true,"href":"https:\/\/solartechmo.com.mx\/wp\/wp-json\/wp\/v2\/product_brand?post=2417"},{"taxonomy":"product_cat","embeddable":true,"href":"https:\/\/solartechmo.com.mx\/wp\/wp-json\/wp\/v2\/product_cat?post=2417"},{"taxonomy":"product_tag","embeddable":true,"href":"https:\/\/solartechmo.com.mx\/wp\/wp-json\/wp\/v2\/product_tag?post=2417"}],"curies":[{"name":"wp","href":"https:\/\/api.w.org\/{rel}","templated":true}]}}