{"id":2410,"date":"2024-10-04T21:51:03","date_gmt":"2024-10-05T04:51:03","guid":{"rendered":"https:\/\/solartechmo.com.mx\/wp\/?post_type=product&#038;p=2410"},"modified":"2024-10-04T21:53:11","modified_gmt":"2024-10-05T04:53:11","slug":"variador-de-frecuencia-solar-10-0-hp-3f-220v","status":"publish","type":"product","link":"https:\/\/solartechmo.com.mx\/wp\/product\/variador-de-frecuencia-solar-10-0-hp-3f-220v\/","title":{"rendered":"Variador de Frecuencia Solar 10.0 Hp 3F 220V"},"content":{"rendered":"<p><img decoding=\"async\" data-src=\"https:\/\/ftp3.syscom.mx\/usuarios\/mchaparro\/ANDRES\/Usfull.jpeg\" alt=\"usfull\" src=\"data:image\/gif;base64,R0lGODlhAQABAAAAACH5BAEKAAEALAAAAAABAAEAAAICTAEAOw==\" class=\"lazyload\" \/><\/p>\n","protected":false},"excerpt":{"rendered":"<p>INVERSOR SOLAR VARIADOR DE FRECUENCIA PARA BOMBAS AC DE 7.0KW 10Hp 440V<\/p>\n<ul>\n<li>MPPT autom\u00e1tico de alta eficiencia<\/li>\n<li>La funci\u00f3n de seguimiento del punto de m\u00e1xima potencia garantiza que el sistema obtenga la mayor potencia de salida del panel solar y maximiza la eficiencia del sistema de bombeo.<\/li>\n<li>La mejor soluci\u00f3n fuera de la red Para el \u00e1rea fuera de la red, el inversor de bomba solar sin bater\u00eda es la soluci\u00f3n ideal para el bombeo.<\/li>\n<li>Protecci\u00f3n profesional de bombas Arranque y paro autom\u00e1tico por la ma\u00f1ana, por dep\u00f3sito lleno y escasez de agua de pozo.<\/li>\n<\/ul>\n<p>Ficha Tecnica <a href=\"https:\/\/solartechmo.com.mx\/wp\/wp-content\/uploads\/2024\/01\/USFULL-Solar-Pump-Inverter-3.pdf\">USFULL Solar Pump Inverter<\/a><\/p>\n","protected":false},"featured_media":2411,"template":"","meta":{"_uag_custom_page_level_css":"","site-sidebar-layout":"default","site-content-layout":"","ast-site-content-layout":"default","site-content-style":"default","site-sidebar-style":"default","ast-global-header-display":"","ast-banner-title-visibility":"","ast-main-header-display":"","ast-hfb-above-header-display":"","ast-hfb-below-header-display":"","ast-hfb-mobile-header-display":"","site-post-title":"","ast-breadcrumbs-content":"","ast-featured-img":"","footer-sml-layout":"","theme-transparent-header-meta":"default","adv-header-id-meta":"","stick-header-meta":"","header-above-stick-meta":"","header-main-stick-meta":"","header-below-stick-meta":"","astra-migrate-meta-layouts":"set","ast-page-background-enabled":"default","ast-page-background-meta":{"desktop":{"background-color":"var(--ast-global-color-4)","background-image":"","background-repeat":"repeat","background-position":"center center","background-size":"auto","background-attachment":"scroll","background-type":"","background-media":"","overlay-type":"","overlay-color":"","overlay-opacity":"","overlay-gradient":""},"tablet":{"background-color":"","background-image":"","background-repeat":"repeat","background-position":"center center","background-size":"auto","background-attachment":"scroll","background-type":"","background-media":"","overlay-type":"","overlay-color":"","overlay-opacity":"","overlay-gradient":""},"mobile":{"background-color":"","background-image":"","background-repeat":"repeat","background-position":"center center","background-size":"auto","background-attachment":"scroll","background-type":"","background-media":"","overlay-type":"","overlay-color":"","overlay-opacity":"","overlay-gradient":""}},"ast-content-background-meta":{"desktop":{"background-color":"var(--ast-global-color-5)","background-image":"","background-repeat":"repeat","background-position":"center center","background-size":"auto","background-attachment":"scroll","background-type":"","background-media":"","overlay-type":"","overlay-color":"","overlay-opacity":"","overlay-gradient":""},"tablet":{"background-color":"var(--ast-global-color-5)","background-image":"","background-repeat":"repeat","background-position":"center center","background-size":"auto","background-attachment":"scroll","background-type":"","background-media":"","overlay-type":"","overlay-color":"","overlay-opacity":"","overlay-gradient":""},"mobile":{"background-color":"var(--ast-global-color-5)","background-image":"","background-repeat":"repeat","background-position":"center center","background-size":"auto","background-attachment":"scroll","background-type":"","background-media":"","overlay-type":"","overlay-color":"","overlay-opacity":"","overlay-gradient":""}}},"product_brand":[],"product_cat":[34,31,35],"product_tag":[],"class_list":{"0":"post-2410","1":"product","2":"type-product","3":"status-publish","4":"has-post-thumbnail","6":"product_cat-accesorios-de-instalacion","7":"product_cat-bombas-solares","8":"product_cat-variadores-de-frecuencia-solares","9":"desktop-align-center","10":"tablet-align-left","11":"mobile-align-left","13":"first","14":"instock","15":"taxable","16":"shipping-taxable","17":"purchasable","18":"product-type-simple"},"uagb_featured_image_src":{"full":["https:\/\/solartechmo.com.mx\/wp\/wp-content\/uploads\/2024\/10\/VARIADOR-SOLAPAK.png",600,600,false],"thumbnail":["https:\/\/solartechmo.com.mx\/wp\/wp-content\/uploads\/2024\/10\/VARIADOR-SOLAPAK-150x150.png",150,150,true],"medium":["https:\/\/solartechmo.com.mx\/wp\/wp-content\/uploads\/2024\/10\/VARIADOR-SOLAPAK-300x300.png",300,300,true],"medium_large":["https:\/\/solartechmo.com.mx\/wp\/wp-content\/uploads\/2024\/10\/VARIADOR-SOLAPAK.png",600,600,false],"large":["https:\/\/solartechmo.com.mx\/wp\/wp-content\/uploads\/2024\/10\/VARIADOR-SOLAPAK.png",600,600,false],"1536x1536":["https:\/\/solartechmo.com.mx\/wp\/wp-content\/uploads\/2024\/10\/VARIADOR-SOLAPAK.png",600,600,false],"2048x2048":["https:\/\/solartechmo.com.mx\/wp\/wp-content\/uploads\/2024\/10\/VARIADOR-SOLAPAK.png",600,600,false],"woocommerce_thumbnail":["https:\/\/solartechmo.com.mx\/wp\/wp-content\/uploads\/2024\/10\/VARIADOR-SOLAPAK-150x150.png",150,150,true],"woocommerce_single":["https:\/\/solartechmo.com.mx\/wp\/wp-content\/uploads\/2024\/10\/VARIADOR-SOLAPAK.png",600,600,false],"woocommerce_gallery_thumbnail":["https:\/\/solartechmo.com.mx\/wp\/wp-content\/uploads\/2024\/10\/VARIADOR-SOLAPAK-100x100.png",100,100,true]},"uagb_author_info":{"display_name":"admin","author_link":"https:\/\/solartechmo.com.mx\/wp\/author\/"},"uagb_comment_info":0,"uagb_excerpt":"INVERSOR SOLAR VARIADOR DE FRECUENCIA PARA BOMBAS AC DE 7.0KW 10Hp 440V MPPT autom\u00e1tico de alta eficiencia La funci\u00f3n de seguimiento del punto de m\u00e1xima potencia garantiza que el sistema obtenga la mayor potencia de salida del panel solar y maximiza la eficiencia del sistema de bombeo. La mejor soluci\u00f3n fuera de la red Para&hellip;","_links":{"self":[{"href":"https:\/\/solartechmo.com.mx\/wp\/wp-json\/wp\/v2\/product\/2410","targetHints":{"allow":["GET"]}}],"collection":[{"href":"https:\/\/solartechmo.com.mx\/wp\/wp-json\/wp\/v2\/product"}],"about":[{"href":"https:\/\/solartechmo.com.mx\/wp\/wp-json\/wp\/v2\/types\/product"}],"version-history":[{"count":0,"href":"https:\/\/solartechmo.com.mx\/wp\/wp-json\/wp\/v2\/product\/2410\/revisions"}],"wp:featuredmedia":[{"embeddable":true,"href":"https:\/\/solartechmo.com.mx\/wp\/wp-json\/wp\/v2\/media\/2411"}],"wp:attachment":[{"href":"https:\/\/solartechmo.com.mx\/wp\/wp-json\/wp\/v2\/media?parent=2410"}],"wp:term":[{"taxonomy":"product_brand","embeddable":true,"href":"https:\/\/solartechmo.com.mx\/wp\/wp-json\/wp\/v2\/product_brand?post=2410"},{"taxonomy":"product_cat","embeddable":true,"href":"https:\/\/solartechmo.com.mx\/wp\/wp-json\/wp\/v2\/product_cat?post=2410"},{"taxonomy":"product_tag","embeddable":true,"href":"https:\/\/solartechmo.com.mx\/wp\/wp-json\/wp\/v2\/product_tag?post=2410"}],"curies":[{"name":"wp","href":"https:\/\/api.w.org\/{rel}","templated":true}]}}