{"id":2045,"date":"2024-01-20T22:32:15","date_gmt":"2024-01-21T05:32:15","guid":{"rendered":"https:\/\/solartechmo.com.mx\/wp\/?post_type=product&#038;p=2045"},"modified":"2026-02-15T14:52:40","modified_gmt":"2026-02-15T21:52:40","slug":"controlador-de-carga-solar-45a-pwm","status":"publish","type":"product","link":"https:\/\/solartechmo.com.mx\/wp\/product\/controlador-de-carga-solar-45a-pwm\/","title":{"rendered":"Controlador Solar EPEVER PWM 12\/24\/36\/48 V 45 A Modelo VS-4548-AU"},"content":{"rendered":"<p>Ficha Tecnica <a href=\"https:\/\/solartechmo.com.mx\/wp\/wp-content\/uploads\/2024\/01\/Especificacion-VieStar-AU.pdf\">Especificacion VieStar-AU<\/a><\/p>\n","protected":false},"excerpt":{"rendered":"<h3 id=\"product_title_190734\" class=\"titulo_vp\"><\/h3>\n<p>&nbsp;<\/p>\n<div id=\"especificaciones\" class=\"row nav_producto\">\n<div class=\"container-fluid bg-azulmarino\">\n<div class=\"container\">\n<h3 class=\"pb-2 pt-2 m-0 text-white\"><a class=\"text-white\" href=\"https:\/\/www.syscom.mx\/producto\/VS-4548-AU-EPEVER-190734.html#especificaciones\">Especificaciones<\/a><\/h3>\n<\/div>\n<\/div>\n<\/div>\n<div class=\"row\">\n<div class=\"container-fluid bg-white\">\n<div id=\"especificaciones_contenido\" class=\"container pt-4\">\n<p>Serie ViewStar-AU<br \/>\n. Controlador de carga inteligente PWM, tierra positivo com\u00fan<br \/>\n. Doble salida USB, para carga de dispositivos USB.<br \/>\n. Dise\u00f1o de la pantalla LCD, que muestra din\u00e1micamente el funcionamiento del dispositivo<br \/>\n. M\u00faltiples modos de control de carga<br \/>\n. Amplia protecci\u00f3n electr\u00f3nica<\/p>\n<\/div>\n<\/div>\n<\/div>\n","protected":false},"featured_media":2046,"template":"","meta":{"_uag_custom_page_level_css":"","site-sidebar-layout":"default","site-content-layout":"","ast-site-content-layout":"default","site-content-style":"default","site-sidebar-style":"default","ast-global-header-display":"","ast-banner-title-visibility":"","ast-main-header-display":"","ast-hfb-above-header-display":"","ast-hfb-below-header-display":"","ast-hfb-mobile-header-display":"","site-post-title":"","ast-breadcrumbs-content":"","ast-featured-img":"","footer-sml-layout":"","theme-transparent-header-meta":"default","adv-header-id-meta":"","stick-header-meta":"","header-above-stick-meta":"","header-main-stick-meta":"","header-below-stick-meta":"","astra-migrate-meta-layouts":"set","ast-page-background-enabled":"default","ast-page-background-meta":{"desktop":{"background-color":"var(--ast-global-color-4)","background-image":"","background-repeat":"repeat","background-position":"center center","background-size":"auto","background-attachment":"scroll","background-type":"","background-media":"","overlay-type":"","overlay-color":"","overlay-opacity":"","overlay-gradient":""},"tablet":{"background-color":"","background-image":"","background-repeat":"repeat","background-position":"center center","background-size":"auto","background-attachment":"scroll","background-type":"","background-media":"","overlay-type":"","overlay-color":"","overlay-opacity":"","overlay-gradient":""},"mobile":{"background-color":"","background-image":"","background-repeat":"repeat","background-position":"center center","background-size":"auto","background-attachment":"scroll","background-type":"","background-media":"","overlay-type":"","overlay-color":"","overlay-opacity":"","overlay-gradient":""}},"ast-content-background-meta":{"desktop":{"background-color":"var(--ast-global-color-5)","background-image":"","background-repeat":"repeat","background-position":"center center","background-size":"auto","background-attachment":"scroll","background-type":"","background-media":"","overlay-type":"","overlay-color":"","overlay-opacity":"","overlay-gradient":""},"tablet":{"background-color":"var(--ast-global-color-5)","background-image":"","background-repeat":"repeat","background-position":"center center","background-size":"auto","background-attachment":"scroll","background-type":"","background-media":"","overlay-type":"","overlay-color":"","overlay-opacity":"","overlay-gradient":""},"mobile":{"background-color":"var(--ast-global-color-5)","background-image":"","background-repeat":"repeat","background-position":"center center","background-size":"auto","background-attachment":"scroll","background-type":"","background-media":"","overlay-type":"","overlay-color":"","overlay-opacity":"","overlay-gradient":""}}},"product_brand":[],"product_cat":[27],"product_tag":[],"class_list":{"0":"post-2045","1":"product","2":"type-product","3":"status-publish","4":"has-post-thumbnail","6":"product_cat-controladores-de-carga","7":"desktop-align-center","8":"tablet-align-left","9":"mobile-align-left","11":"first","12":"instock","13":"taxable","14":"shipping-taxable","15":"purchasable","16":"product-type-simple"},"uagb_featured_image_src":{"full":["https:\/\/solartechmo.com.mx\/wp\/wp-content\/uploads\/2024\/01\/VS4548AU-l1-1.png",1000,1000,false],"thumbnail":["https:\/\/solartechmo.com.mx\/wp\/wp-content\/uploads\/2024\/01\/VS4548AU-l1-1-150x150.png",150,150,true],"medium":["https:\/\/solartechmo.com.mx\/wp\/wp-content\/uploads\/2024\/01\/VS4548AU-l1-1-300x300.png",300,300,true],"medium_large":["https:\/\/solartechmo.com.mx\/wp\/wp-content\/uploads\/2024\/01\/VS4548AU-l1-1-768x768.png",768,768,true],"large":["https:\/\/solartechmo.com.mx\/wp\/wp-content\/uploads\/2024\/01\/VS4548AU-l1-1.png",1000,1000,false],"1536x1536":["https:\/\/solartechmo.com.mx\/wp\/wp-content\/uploads\/2024\/01\/VS4548AU-l1-1.png",1000,1000,false],"2048x2048":["https:\/\/solartechmo.com.mx\/wp\/wp-content\/uploads\/2024\/01\/VS4548AU-l1-1.png",1000,1000,false],"woocommerce_thumbnail":["https:\/\/solartechmo.com.mx\/wp\/wp-content\/uploads\/2024\/01\/VS4548AU-l1-1-150x150.png",150,150,true],"woocommerce_single":["https:\/\/solartechmo.com.mx\/wp\/wp-content\/uploads\/2024\/01\/VS4548AU-l1-1-600x600.png",600,600,true],"woocommerce_gallery_thumbnail":["https:\/\/solartechmo.com.mx\/wp\/wp-content\/uploads\/2024\/01\/VS4548AU-l1-1-100x100.png",100,100,true]},"uagb_author_info":{"display_name":"admin","author_link":"https:\/\/solartechmo.com.mx\/wp\/author\/"},"uagb_comment_info":0,"uagb_excerpt":"&nbsp; Especificaciones Serie ViewStar-AU . Controlador de carga inteligente PWM, tierra positivo com\u00fan . Doble salida USB, para carga de dispositivos USB. . Dise\u00f1o de la pantalla LCD, que muestra din\u00e1micamente el funcionamiento del dispositivo . M\u00faltiples modos de control de carga . Amplia protecci\u00f3n electr\u00f3nica","_links":{"self":[{"href":"https:\/\/solartechmo.com.mx\/wp\/wp-json\/wp\/v2\/product\/2045","targetHints":{"allow":["GET"]}}],"collection":[{"href":"https:\/\/solartechmo.com.mx\/wp\/wp-json\/wp\/v2\/product"}],"about":[{"href":"https:\/\/solartechmo.com.mx\/wp\/wp-json\/wp\/v2\/types\/product"}],"version-history":[{"count":3,"href":"https:\/\/solartechmo.com.mx\/wp\/wp-json\/wp\/v2\/product\/2045\/revisions"}],"predecessor-version":[{"id":3133,"href":"https:\/\/solartechmo.com.mx\/wp\/wp-json\/wp\/v2\/product\/2045\/revisions\/3133"}],"wp:featuredmedia":[{"embeddable":true,"href":"https:\/\/solartechmo.com.mx\/wp\/wp-json\/wp\/v2\/media\/2046"}],"wp:attachment":[{"href":"https:\/\/solartechmo.com.mx\/wp\/wp-json\/wp\/v2\/media?parent=2045"}],"wp:term":[{"taxonomy":"product_brand","embeddable":true,"href":"https:\/\/solartechmo.com.mx\/wp\/wp-json\/wp\/v2\/product_brand?post=2045"},{"taxonomy":"product_cat","embeddable":true,"href":"https:\/\/solartechmo.com.mx\/wp\/wp-json\/wp\/v2\/product_cat?post=2045"},{"taxonomy":"product_tag","embeddable":true,"href":"https:\/\/solartechmo.com.mx\/wp\/wp-json\/wp\/v2\/product_tag?post=2045"}],"curies":[{"name":"wp","href":"https:\/\/api.w.org\/{rel}","templated":true}]}}